{"id":430,"date":"2021-07-13T03:44:48","date_gmt":"2021-07-13T00:44:48","guid":{"rendered":"https:\/\/orrila.fi\/home\/ropyqdmi\/public_html\/?page_id=430"},"modified":"2021-07-20T12:47:16","modified_gmt":"2021-07-20T09:47:16","slug":"duplicated-asuntoautot-32","status":"publish","type":"page","link":"https:\/\/orrila.fi\/home\/ropyqdmi\/public_html\/index.php\/duplicated-asuntoautot-32\/","title":{"rendered":"ty\u00f6koneet"},"content":{"rendered":"\t\t<div data-elementor-type=\"wp-page\" data-elementor-id=\"430\" class=\"elementor elementor-430\">\n\t\t\t\t\t\t<section class=\"elementor-section elementor-top-section elementor-element elementor-element-1b0a5d33 elementor-section-boxed elementor-section-height-default elementor-section-height-default\" data-id=\"1b0a5d33\" data-element_type=\"section\" data-e-type=\"section\" data-settings=\"{&quot;background_background&quot;:&quot;classic&quot;}\">\n\t\t\t\t\t\t\t<div class=\"elementor-background-overlay\"><\/div>\n\t\t\t\t\t\t\t<div class=\"elementor-container elementor-column-gap-default\">\n\t\t\t\t\t<div class=\"elementor-column elementor-col-100 elementor-top-column elementor-element elementor-element-1f841ba\" data-id=\"1f841ba\" data-element_type=\"column\" data-e-type=\"column\">\n\t\t\t<div class=\"elementor-widget-wrap elementor-element-populated\">\n\t\t\t\t\t\t<div class=\"elementor-element elementor-element-365ba0bd elementor-widget elementor-widget-heading\" data-id=\"365ba0bd\" data-element_type=\"widget\" data-e-type=\"widget\" data-widget_type=\"heading.default\">\n\t\t\t\t<div class=\"elementor-widget-container\">\n\t\t\t\t\t<h1 class=\"elementor-heading-title elementor-size-default\">ty\u00f6koneet<\/h1>\t\t\t\t<\/div>\n\t\t\t\t<\/div>\n\t\t\t\t\t<\/div>\n\t\t<\/div>\n\t\t\t\t\t<\/div>\n\t\t<\/section>\n\t\t\t\t<section class=\"elementor-section elementor-top-section elementor-element elementor-element-4d2c9e9 elementor-reverse-mobile elementor-section-boxed elementor-section-height-default elementor-section-height-default\" data-id=\"4d2c9e9\" data-element_type=\"section\" data-e-type=\"section\" data-settings=\"{&quot;background_background&quot;:&quot;classic&quot;}\">\n\t\t\t\t\t\t<div class=\"elementor-container elementor-column-gap-no\">\n\t\t\t\t\t<div class=\"elementor-column elementor-col-50 elementor-top-column elementor-element elementor-element-1148300\" data-id=\"1148300\" data-element_type=\"column\" data-e-type=\"column\">\n\t\t\t<div class=\"elementor-widget-wrap elementor-element-populated\">\n\t\t\t\t\t\t<div class=\"elementor-element elementor-element-5070b618 elementor-widget elementor-widget-heading\" data-id=\"5070b618\" data-element_type=\"widget\" data-e-type=\"widget\" data-widget_type=\"heading.default\">\n\t\t\t\t<div class=\"elementor-widget-container\">\n\t\t\t\t\t<h2 class=\"elementor-heading-title elementor-size-medium\"><div dir=\"auto\" style=\"width: 352.19px\"><div style=\"min-height: 1px;padding-left: 15px;padding-right: 15px\"><div dir=\"auto\">A<b>vant 528<\/b><\/div><\/div><\/div><\/h2>\t\t\t\t<\/div>\n\t\t\t\t<\/div>\n\t\t\t\t<div class=\"elementor-element elementor-element-62d352e2 elementor-widget elementor-widget-text-editor\" data-id=\"62d352e2\" data-element_type=\"widget\" data-e-type=\"widget\" data-widget_type=\"text-editor.default\">\n\t\t\t\t<div class=\"elementor-widget-container\">\n\t\t\t\t\t\t\t\t\t<div dir=\"auto\" style=\"color: #222222; width: 352.19px; display: table; font-family: roboto-regular, helvetica, arial, sans-serif; font-size: 15px;\">\n<div style=\"min-height: 1px; padding-left: 15px; padding-right: 15px; margin-bottom: 20px;\">\n<h3 style=\"font-family: poppins-bold, helvetica, arial, sans-serif; font-weight: 500; line-height: 1.1; margin-top: 20px; margin-bottom: 15px; font-size: 30px;\">TEKNISET TIEDOT:<\/h3>\n<\/div>\n<\/div>\n<div dir=\"auto\" style=\"color: #222222; width: 352.19px; display: table; font-family: roboto-regular, helvetica, arial, sans-serif; font-size: 15px;\">\n<div style=\"min-height: 1px; padding-left: 15px; padding-right: 15px;\">\n<div style=\"font-family: poppins-bold, helvetica, arial, sans-serif; font-size: 16px; text-transform: uppercase; letter-spacing: 1px;\">MAX. NOSTOVOIMA<\/div>\n<div>\n<h3 style=\"font-family: poppins-bold, helvetica, arial, sans-serif; font-weight: 500; line-height: 1.1; color: #30ab33; margin-top: 20px; margin-bottom: 30px; font-size: 35px;\">950 kg<\/h3>\n<\/div>\n<\/div>\n<div style=\"min-height: 1px; padding-left: 15px; padding-right: 15px;\">\n<div style=\"font-family: poppins-bold, helvetica, arial, sans-serif; font-size: 16px; text-transform: uppercase; letter-spacing: 1px;\">MOOTTORITEHO<\/div>\n<div>\n<h3 style=\"font-family: poppins-bold, helvetica, arial, sans-serif; font-weight: 500; line-height: 1.1; color: #30ab33; margin-top: 20px; margin-bottom: 30px; font-size: 35px;\">26 hv diesel<\/h3>\n<\/div>\n<\/div>\n<div style=\"min-height: 1px; padding-left: 15px; padding-right: 15px;\">\n<div style=\"font-family: poppins-bold, helvetica, arial, sans-serif; font-size: 16px; text-transform: uppercase; letter-spacing: 1px;\">NOSTOKORKEUS<\/div>\n<div>\n<h3 style=\"font-family: poppins-bold, helvetica, arial, sans-serif; font-weight: 500; line-height: 1.1; color: #30ab33; margin-top: 20px; margin-bottom: 30px; font-size: 35px;\">2.8 m<\/h3>\n<\/div>\n<\/div>\n<div style=\"min-height: 1px; padding-left: 15px; padding-right: 15px;\">\n<div style=\"font-family: poppins-bold, helvetica, arial, sans-serif; font-size: 16px; text-transform: uppercase; letter-spacing: 1px;\">NOPEUS<\/div>\n<div>\n<h3 style=\"font-family: poppins-bold, helvetica, arial, sans-serif; font-weight: 500; line-height: 1.1; color: #30ab33; margin-top: 20px; margin-bottom: 30px; font-size: 35px;\">12 km\/h<\/h3>\n<\/div>\n<div dir=\"auto\">&nbsp;<\/div>\n<div dir=\"auto\"><span style=\"color: #333333; font-family: 'open sans', sans-serif, arial, helvetica, sans-serif; font-size: medium;\">Vuokraa t\u00e4st\u00e4 kone helpottamaan piha-tai rakennusprojektejasi. T\u00e4ydellinen laite maa-aineksien levitykseen ja tasaukseen, pintamaan poistamiseen, pensaiden ja pienempien kantojen poistamiseen, kaikkiin puutarhat\u00f6ihin sek\u00e4 rakennusprojektien pohjien tekoon.<\/span><span style=\"color: #333333; font-family: 'open sans', sans-serif, arial, helvetica, sans-serif; font-size: medium;\"><br><\/span><\/div>\n<div dir=\"auto\"><span style=\"color: #333333; font-family: 'open sans', sans-serif, arial, helvetica, sans-serif; font-size: medium;\">Hinta sis\u00e4lt\u00e4\u00e4 maa\/tasauskauhan sek\u00e4 trukkipiikit.<\/span><\/div>\n<div dir=\"auto\"><span style=\"color: #333333; font-family: 'open sans', sans-serif, arial, helvetica, sans-serif; font-size: medium;\">&nbsp;<\/span><span style=\"color: rgb(51, 51, 51); font-family: &quot;open sans&quot;, sans-serif, arial, helvetica, sans-serif; font-size: medium;\">&nbsp;<\/span><\/div>\n<div dir=\"auto\"><span style=\"color: #333333; font-family: 'open sans', sans-serif, arial, helvetica, sans-serif; font-size: medium;\">Hinta 150\u20ac \/ ensimm\u00e4inen vrk ja 100\u20ac seuraavat sis\u00e4lt\u00e4en alv 24%.&nbsp;<\/span><\/div>\n<div dir=\"auto\"><span style=\"color: #333333; font-family: 'open sans', sans-serif, arial, helvetica, sans-serif; font-size: medium;\">Pidemm\u00e4t vuokraukset sopimushintaan.<\/span><\/div>\n<div dir=\"auto\"><span style=\"color: #333333; font-family: 'open sans', sans-serif, arial, helvetica, sans-serif; font-size: medium;\">Koneen kuljetus sovittavissa erikseen.<\/span><\/div>\n<\/div>\n<\/div>\t\t\t\t\t\t\t\t<\/div>\n\t\t\t\t<\/div>\n\t\t\t\t<div class=\"elementor-element elementor-element-7334a220 elementor-widget elementor-widget-button\" data-id=\"7334a220\" data-element_type=\"widget\" data-e-type=\"widget\" data-widget_type=\"button.default\">\n\t\t\t\t<div class=\"elementor-widget-container\">\n\t\t\t\t\t\t\t\t\t<div class=\"elementor-button-wrapper\">\n\t\t\t\t\t<a class=\"elementor-button elementor-button-link elementor-size-sm\" href=\"mailto:info@orrila.fi\" target=\"_blank\">\n\t\t\t\t\t\t<span class=\"elementor-button-content-wrapper\">\n\t\t\t\t\t\t\t\t\t<span class=\"elementor-button-text\">Varaa<\/span>\n\t\t\t\t\t<\/span>\n\t\t\t\t\t<\/a>\n\t\t\t\t<\/div>\n\t\t\t\t\t\t\t\t<\/div>\n\t\t\t\t<\/div>\n\t\t\t\t\t<\/div>\n\t\t<\/div>\n\t\t\t\t<div class=\"elementor-column elementor-col-50 elementor-top-column elementor-element elementor-element-7285665\" data-id=\"7285665\" data-element_type=\"column\" data-e-type=\"column\">\n\t\t\t<div class=\"elementor-widget-wrap elementor-element-populated\">\n\t\t\t\t\t\t<div class=\"elementor-element elementor-element-508aa5f0 elementor-widget elementor-widget-image\" data-id=\"508aa5f0\" data-element_type=\"widget\" data-e-type=\"widget\" data-widget_type=\"image.default\">\n\t\t\t\t<div class=\"elementor-widget-container\">\n\t\t\t\t\t\t\t\t\t\t\t\t\t\t\t<img fetchpriority=\"high\" decoding=\"async\" width=\"393\" height=\"530\" src=\"https:\/\/orrila.fi\/home\/ropyqdmi\/public_html\/wp-content\/uploads\/2021\/07\/avant_528_product_measurements_1.jpg\" class=\"attachment-large size-large wp-image-481\" alt=\"\" srcset=\"https:\/\/orrila.fi\/home\/ropyqdmi\/public_html\/wp-content\/uploads\/2021\/07\/avant_528_product_measurements_1.jpg 393w, https:\/\/orrila.fi\/home\/ropyqdmi\/public_html\/wp-content\/uploads\/2021\/07\/avant_528_product_measurements_1-222x300.jpg 222w\" sizes=\"(max-width: 393px) 100vw, 393px\" \/>\t\t\t\t\t\t\t\t\t\t\t\t\t\t\t<\/div>\n\t\t\t\t<\/div>\n\t\t\t\t\t<\/div>\n\t\t<\/div>\n\t\t\t\t\t<\/div>\n\t\t<\/section>\n\t\t\t\t<section class=\"elementor-section elementor-top-section elementor-element elementor-element-e647e6b elementor-section-boxed elementor-section-height-default elementor-section-height-default\" data-id=\"e647e6b\" data-element_type=\"section\" data-e-type=\"section\">\n\t\t\t\t\t\t<div class=\"elementor-container elementor-column-gap-default\">\n\t\t\t\t\t<div class=\"elementor-column elementor-col-100 elementor-top-column elementor-element elementor-element-da3a728\" data-id=\"da3a728\" data-element_type=\"column\" data-e-type=\"column\">\n\t\t\t<div class=\"elementor-widget-wrap\">\n\t\t\t\t\t\t\t<\/div>\n\t\t<\/div>\n\t\t\t\t\t<\/div>\n\t\t<\/section>\n\t\t\t\t<section class=\"elementor-section elementor-top-section elementor-element elementor-element-cd4bda0 elementor-section-boxed elementor-section-height-default elementor-section-height-default\" data-id=\"cd4bda0\" data-element_type=\"section\" data-e-type=\"section\">\n\t\t\t\t\t\t<div class=\"elementor-container elementor-column-gap-default\">\n\t\t\t\t\t<div class=\"elementor-column elementor-col-100 elementor-top-column elementor-element elementor-element-05b7491\" data-id=\"05b7491\" data-element_type=\"column\" data-e-type=\"column\">\n\t\t\t<div class=\"elementor-widget-wrap elementor-element-populated\">\n\t\t\t\t\t\t<div class=\"elementor-element elementor-element-27cc103 elementor-widget elementor-widget-image\" data-id=\"27cc103\" data-element_type=\"widget\" data-e-type=\"widget\" data-widget_type=\"image.default\">\n\t\t\t\t<div class=\"elementor-widget-container\">\n\t\t\t\t\t\t\t\t\t\t\t\t\t\t\t<img decoding=\"async\" width=\"393\" height=\"530\" src=\"https:\/\/orrila.fi\/home\/ropyqdmi\/public_html\/wp-content\/uploads\/2021\/07\/avant_528_product_measurements_2.jpg\" class=\"attachment-large size-large wp-image-482\" alt=\"\" srcset=\"https:\/\/orrila.fi\/home\/ropyqdmi\/public_html\/wp-content\/uploads\/2021\/07\/avant_528_product_measurements_2.jpg 393w, https:\/\/orrila.fi\/home\/ropyqdmi\/public_html\/wp-content\/uploads\/2021\/07\/avant_528_product_measurements_2-222x300.jpg 222w\" sizes=\"(max-width: 393px) 100vw, 393px\" \/>\t\t\t\t\t\t\t\t\t\t\t\t\t\t\t<\/div>\n\t\t\t\t<\/div>\n\t\t\t\t<div class=\"elementor-element elementor-element-6c38d34 elementor-widget elementor-widget-image\" data-id=\"6c38d34\" data-element_type=\"widget\" data-e-type=\"widget\" data-widget_type=\"image.default\">\n\t\t\t\t<div class=\"elementor-widget-container\">\n\t\t\t\t\t\t\t\t\t\t\t\t\t\t\t<img decoding=\"async\" width=\"768\" height=\"1365\" src=\"https:\/\/orrila.fi\/home\/ropyqdmi\/public_html\/wp-content\/uploads\/2021\/07\/20210504_094950-768x1365.jpg\" class=\"attachment-medium_large size-medium_large wp-image-480\" alt=\"\" srcset=\"https:\/\/orrila.fi\/home\/ropyqdmi\/public_html\/wp-content\/uploads\/2021\/07\/20210504_094950-768x1365.jpg 768w, https:\/\/orrila.fi\/home\/ropyqdmi\/public_html\/wp-content\/uploads\/2021\/07\/20210504_094950-169x300.jpg 169w, https:\/\/orrila.fi\/home\/ropyqdmi\/public_html\/wp-content\/uploads\/2021\/07\/20210504_094950-576x1024.jpg 576w, https:\/\/orrila.fi\/home\/ropyqdmi\/public_html\/wp-content\/uploads\/2021\/07\/20210504_094950-864x1536.jpg 864w, https:\/\/orrila.fi\/home\/ropyqdmi\/public_html\/wp-content\/uploads\/2021\/07\/20210504_094950-1152x2048.jpg 1152w, https:\/\/orrila.fi\/home\/ropyqdmi\/public_html\/wp-content\/uploads\/2021\/07\/20210504_094950-scaled.jpg 1440w\" sizes=\"(max-width: 768px) 100vw, 768px\" \/>\t\t\t\t\t\t\t\t\t\t\t\t\t\t\t<\/div>\n\t\t\t\t<\/div>\n\t\t\t\t\t<\/div>\n\t\t<\/div>\n\t\t\t\t\t<\/div>\n\t\t<\/section>\n\t\t\t\t<section class=\"elementor-section elementor-top-section elementor-element elementor-element-67c4b2f elementor-section-boxed elementor-section-height-default elementor-section-height-default\" data-id=\"67c4b2f\" data-element_type=\"section\" data-e-type=\"section\">\n\t\t\t\t\t\t<div class=\"elementor-container elementor-column-gap-default\">\n\t\t\t\t\t<div class=\"elementor-column elementor-col-100 elementor-top-column elementor-element elementor-element-c9023f0\" data-id=\"c9023f0\" data-element_type=\"column\" data-e-type=\"column\">\n\t\t\t<div class=\"elementor-widget-wrap elementor-element-populated\">\n\t\t\t\t\t\t<div class=\"elementor-element elementor-element-d0baecf elementor-widget elementor-widget-image\" data-id=\"d0baecf\" data-element_type=\"widget\" data-e-type=\"widget\" data-widget_type=\"image.default\">\n\t\t\t\t<div class=\"elementor-widget-container\">\n\t\t\t\t\t\t\t\t\t\t\t\t\t\t\t<img loading=\"lazy\" decoding=\"async\" width=\"768\" height=\"432\" src=\"https:\/\/orrila.fi\/home\/ropyqdmi\/public_html\/wp-content\/uploads\/2021\/07\/20210429_132459-768x432.jpg\" class=\"attachment-medium_large size-medium_large wp-image-479\" alt=\"\" srcset=\"https:\/\/orrila.fi\/home\/ropyqdmi\/public_html\/wp-content\/uploads\/2021\/07\/20210429_132459-768x432.jpg 768w, https:\/\/orrila.fi\/home\/ropyqdmi\/public_html\/wp-content\/uploads\/2021\/07\/20210429_132459-300x169.jpg 300w, https:\/\/orrila.fi\/home\/ropyqdmi\/public_html\/wp-content\/uploads\/2021\/07\/20210429_132459-1024x576.jpg 1024w, https:\/\/orrila.fi\/home\/ropyqdmi\/public_html\/wp-content\/uploads\/2021\/07\/20210429_132459-1536x864.jpg 1536w, https:\/\/orrila.fi\/home\/ropyqdmi\/public_html\/wp-content\/uploads\/2021\/07\/20210429_132459-2048x1152.jpg 2048w\" sizes=\"(max-width: 768px) 100vw, 768px\" \/>\t\t\t\t\t\t\t\t\t\t\t\t\t\t\t<\/div>\n\t\t\t\t<\/div>\n\t\t\t\t\t<\/div>\n\t\t<\/div>\n\t\t\t\t\t<\/div>\n\t\t<\/section>\n\t\t\t\t<section class=\"elementor-section elementor-top-section elementor-element elementor-element-8bc76f5 elementor-section-boxed elementor-section-height-default elementor-section-height-default\" data-id=\"8bc76f5\" data-element_type=\"section\" data-e-type=\"section\">\n\t\t\t\t\t\t<div class=\"elementor-container elementor-column-gap-default\">\n\t\t\t\t\t<div class=\"elementor-column elementor-col-100 elementor-top-column elementor-element elementor-element-0b006c6\" data-id=\"0b006c6\" data-element_type=\"column\" data-e-type=\"column\">\n\t\t\t<div class=\"elementor-widget-wrap elementor-element-populated\">\n\t\t\t\t\t\t<div class=\"elementor-element elementor-element-f20fa2e elementor-widget elementor-widget-image\" data-id=\"f20fa2e\" data-element_type=\"widget\" data-e-type=\"widget\" data-widget_type=\"image.default\">\n\t\t\t\t<div class=\"elementor-widget-container\">\n\t\t\t\t\t\t\t\t\t\t\t\t\t\t\t<img loading=\"lazy\" decoding=\"async\" width=\"768\" height=\"432\" src=\"https:\/\/orrila.fi\/home\/ropyqdmi\/public_html\/wp-content\/uploads\/2021\/07\/20210429_132446-768x432.jpg\" class=\"attachment-medium_large size-medium_large wp-image-478\" alt=\"\" srcset=\"https:\/\/orrila.fi\/home\/ropyqdmi\/public_html\/wp-content\/uploads\/2021\/07\/20210429_132446-768x432.jpg 768w, https:\/\/orrila.fi\/home\/ropyqdmi\/public_html\/wp-content\/uploads\/2021\/07\/20210429_132446-300x169.jpg 300w, https:\/\/orrila.fi\/home\/ropyqdmi\/public_html\/wp-content\/uploads\/2021\/07\/20210429_132446-1024x576.jpg 1024w, https:\/\/orrila.fi\/home\/ropyqdmi\/public_html\/wp-content\/uploads\/2021\/07\/20210429_132446-1536x864.jpg 1536w, https:\/\/orrila.fi\/home\/ropyqdmi\/public_html\/wp-content\/uploads\/2021\/07\/20210429_132446-2048x1152.jpg 2048w\" sizes=\"(max-width: 768px) 100vw, 768px\" \/>\t\t\t\t\t\t\t\t\t\t\t\t\t\t\t<\/div>\n\t\t\t\t<\/div>\n\t\t\t\t\t<\/div>\n\t\t<\/div>\n\t\t\t\t\t<\/div>\n\t\t<\/section>\n\t\t\t\t<\/div>\n\t\t","protected":false},"excerpt":{"rendered":"<p>ty\u00f6koneet Avant 528 TEKNISET TIEDOT: MAX. NOSTOVOIMA 950 kg MOOTTORITEHO 26 hv diesel NOSTOKORKEUS 2.8 m NOPEUS 12 km\/h &nbsp; Vuokraa t\u00e4st\u00e4 kone helpottamaan piha-tai rakennusprojektejasi. T\u00e4ydellinen laite maa-aineksien levitykseen ja tasaukseen, pintamaan poistamiseen, pensaiden ja pienempien kantojen poistamiseen, kaikkiin puutarhat\u00f6ihin sek\u00e4 rakennusprojektien pohjien tekoon. Hinta sis\u00e4lt\u00e4\u00e4 maa\/tasauskauhan sek\u00e4 trukkipiikit. &nbsp;&nbsp; Hinta 150\u20ac \/ ensimm\u00e4inen [&hellip;]<\/p>\n","protected":false},"author":1,"featured_media":0,"parent":0,"menu_order":0,"comment_status":"closed","ping_status":"closed","template":"","meta":{"site-sidebar-layout":"no-sidebar","site-content-layout":"page-builder","ast-site-content-layout":"default","site-content-style":"default","site-sidebar-style":"default","ast-global-header-display":"","ast-banner-title-visibility":"","ast-main-header-display":"","ast-hfb-above-header-display":"","ast-hfb-below-header-display":"","ast-hfb-mobile-header-display":"","site-post-title":"disabled","ast-breadcrumbs-content":"","ast-featured-img":"","footer-sml-layout":"","ast-disable-related-posts":"","theme-transparent-header-meta":"enabled","adv-header-id-meta":"","stick-header-meta":"","header-above-stick-meta":"","header-main-stick-meta":"","header-below-stick-meta":"","astra-migrate-meta-layouts":"default","ast-page-background-enabled":"default","ast-page-background-meta":{"desktop":{"background-color":"","background-image":"","background-repeat":"repeat","background-position":"center center","background-size":"auto","background-attachment":"scroll","background-type":"","background-media":"","overlay-type":"","overlay-color":"","overlay-opacity":"","overlay-gradient":""},"tablet":{"background-color":"","background-image":"","background-repeat":"repeat","background-position":"center center","background-size":"auto","background-attachment":"scroll","background-type":"","background-media":"","overlay-type":"","overlay-color":"","overlay-opacity":"","overlay-gradient":""},"mobile":{"background-color":"","background-image":"","background-repeat":"repeat","background-position":"center center","background-size":"auto","background-attachment":"scroll","background-type":"","background-media":"","overlay-type":"","overlay-color":"","overlay-opacity":"","overlay-gradient":""}},"ast-content-background-meta":{"desktop":{"background-color":"var(--ast-global-color-5)","background-image":"","background-repeat":"repeat","background-position":"center center","background-size":"auto","background-attachment":"scroll","background-type":"","background-media":"","overlay-type":"","overlay-color":"","overlay-opacity":"","overlay-gradient":""},"tablet":{"background-color":"var(--ast-global-color-5)","background-image":"","background-repeat":"repeat","background-position":"center center","background-size":"auto","background-attachment":"scroll","background-type":"","background-media":"","overlay-type":"","overlay-color":"","overlay-opacity":"","overlay-gradient":""},"mobile":{"background-color":"var(--ast-global-color-5)","background-image":"","background-repeat":"repeat","background-position":"center center","background-size":"auto","background-attachment":"scroll","background-type":"","background-media":"","overlay-type":"","overlay-color":"","overlay-opacity":"","overlay-gradient":""}},"footnotes":""},"class_list":["post-430","page","type-page","status-publish","hentry"],"_links":{"self":[{"href":"https:\/\/orrila.fi\/home\/ropyqdmi\/public_html\/index.php\/wp-json\/wp\/v2\/pages\/430","targetHints":{"allow":["GET"]}}],"collection":[{"href":"https:\/\/orrila.fi\/home\/ropyqdmi\/public_html\/index.php\/wp-json\/wp\/v2\/pages"}],"about":[{"href":"https:\/\/orrila.fi\/home\/ropyqdmi\/public_html\/index.php\/wp-json\/wp\/v2\/types\/page"}],"author":[{"embeddable":true,"href":"https:\/\/orrila.fi\/home\/ropyqdmi\/public_html\/index.php\/wp-json\/wp\/v2\/users\/1"}],"replies":[{"embeddable":true,"href":"https:\/\/orrila.fi\/home\/ropyqdmi\/public_html\/index.php\/wp-json\/wp\/v2\/comments?post=430"}],"version-history":[{"count":23,"href":"https:\/\/orrila.fi\/home\/ropyqdmi\/public_html\/index.php\/wp-json\/wp\/v2\/pages\/430\/revisions"}],"predecessor-version":[{"id":506,"href":"https:\/\/orrila.fi\/home\/ropyqdmi\/public_html\/index.php\/wp-json\/wp\/v2\/pages\/430\/revisions\/506"}],"wp:attachment":[{"href":"https:\/\/orrila.fi\/home\/ropyqdmi\/public_html\/index.php\/wp-json\/wp\/v2\/media?parent=430"}],"curies":[{"name":"wp","href":"https:\/\/api.w.org\/{rel}","templated":true}]}}